{"id":988868,"date":"2025-12-07T19:47:48","date_gmt":"2025-12-07T19:47:48","guid":{"rendered":"https:\/\/vesselflag.com\/?page_id=988868"},"modified":"2025-12-14T23:55:06","modified_gmt":"2025-12-14T23:55:06","slug":"regras-fiscais-de-registo-de-iates-custos","status":"publish","type":"page","link":"https:\/\/vesselflag.com\/pt\/regras-fiscais-de-registo-de-iates-custos\/","title":{"rendered":"O que \u00e9 o imposto de registo de iates - custos e regras globais"},"content":{"rendered":"<div data-elementor-type=\"wp-page\" data-elementor-id=\"988868\" class=\"elementor elementor-988868\" data-elementor-post-type=\"page\">\n\t\t\t\t<div class=\"elementor-element elementor-element-dc32f27 e-flex e-con-boxed e-con e-parent\" data-id=\"dc32f27\" data-element_type=\"container\" data-e-type=\"container\">\n\t\t\t\t\t<div class=\"e-con-inner\">\n\t\t\t\t<div class=\"elementor-element elementor-element-a88124b elementor-widget elementor-widget-html\" data-id=\"a88124b\" data-element_type=\"widget\" data-e-type=\"widget\" data-widget_type=\"html.default\">\n\t\t\t\t<div class=\"elementor-widget-container\">\n\t\t\t\t\t<!DOCTYPE html>\r\n<html lang=\"en\">\r\n<head>\r\n    <meta charset=\"UTF-8\">\r\n    <meta name=\"viewport\" content=\"width=device-width, initial-scale=1.0\">\r\n    <title>O que \u00e9 o imposto de registo de iates - custos e regras globais<\/title>\r\n    <meta name=\"description\" content=\"O imposto de registo de iates explicado: descubra os tipos de impostos, os quadros jur\u00eddicos, os factores de custo e os riscos de evas\u00e3o para os propriet\u00e1rios de iates internacionais e os profissionais mar\u00edtimos.\">\r\n    <style>\r\n        * {\r\n            margin: 0;\r\n            padding: 0;\r\n            box-sizing: border-box;\r\n        }\r\n        \r\n        body {\r\n            font-family: -apple-system, BlinkMacSystemFont, 'Segoe UI', Roboto, Oxygen, Ubuntu, Cantarell, sans-serif;\r\n            line-height: 1.6;\r\n            color: #333;\r\n            background: #f8f9fa;\r\n        }\r\n        \r\n        article {\r\n            max-width: 1200px;\r\n            margin: 0 auto;\r\n            padding: 20px;\r\n            background: white;\r\n            box-shadow: 0 2px 10px rgba(0,0,0,0.1);\r\n        }\r\n        \r\n        h1, h2, h3, h4 { \r\n            color: #2c3e50; \r\n            margin-top: 1.5em;\r\n            margin-bottom: 0.5em;\r\n        }\r\n        h1 { font-size: clamp(1.8em, 5vw, 2.5em); }\r\n        h2 { font-size: clamp(1.5em, 4vw, 2em); }\r\n        h3 { font-size: clamp(1.3em, 3vw, 1.5em); }\r\n        h4 { font-size: clamp(1.1em, 2.5vw, 1.25em); }\r\n        \r\n        p { margin-bottom: 1em; }\r\n        \r\n        img { \r\n            max-width: 100%; \r\n            height: auto; \r\n            display: block; \r\n            margin: 1.5em auto;\r\n            border-radius: 8px;\r\n        }\r\n        \r\n        a { color: #3498db; text-decoration: none; }\r\n        a:hover { text-decoration: underline; }\r\n        \r\n        ul, ol { \r\n            margin-bottom: 1em; \r\n            padding-left: 2em;\r\n        }\r\n        li { margin-bottom: 0.5em; }\r\n        \r\n        table { \r\n            border-collapse: collapse; \r\n            width: 100%; \r\n            margin: 1em 0;\r\n            overflow-x: auto;\r\n            display: block;\r\n        }\r\n        \r\n        table tbody {\r\n            display: table;\r\n            width: 100%;\r\n        }\r\n        \r\n        th, td { \r\n            border: 1px solid #ddd; \r\n            padding: 12px;\r\n            text-align: left;\r\n        }\r\n        th { \r\n            background-color: #2c3e50;\r\n            color: white;\r\n            font-weight: 600;\r\n        }\r\n        \r\n        \/* Mobile optimizations *\/\r\n        @media (max-width: 768px) {\r\n            article {\r\n                padding: 15px;\r\n                margin: 0;\r\n                box-shadow: none;\r\n            }\r\n            \r\n            h1 { margin-top: 0.5em; }\r\n            \r\n            ul, ol { padding-left: 1.5em; }\r\n            \r\n            table {\r\n                font-size: 0.9em;\r\n            }\r\n            \r\n            th, td {\r\n                padding: 8px;\r\n            }\r\n        }\r\n        \r\n        @media (max-width: 480px) {\r\n            article {\r\n                padding: 10px;\r\n            }\r\n            \r\n            table {\r\n                font-size: 0.8em;\r\n            }\r\n            \r\n            th, td {\r\n                padding: 6px;\r\n                font-size: 0.85em;\r\n            }\r\n        }\r\n        \r\n        \/* Large screens *\/\r\n        @media (min-width: 1400px) {\r\n            article {\r\n                max-width: 1400px;\r\n                padding: 40px 60px;\r\n            }\r\n        }\r\n    <\/style>\r\n<\/head>\r\n<body>\r\n    <article>\r\n        <h1>O que \u00e9 o imposto de registo de iates - custos e regras globais<\/h1>\r\n        \r\n        <p><img decoding=\"async\" src=\"https:\/\/csuxjmfbwmkxiegfpljm.supabase.co\/storage\/v1\/object\/public\/blog-images\/organization-10077\/1765133243650_image_1765133243337.png\" alt=\"Funcion\u00e1rio da marina a rever os documentos de registo de um iate\"><\/p>\r\n\r\n        <p>Muitos propriet\u00e1rios de iates subestimam a forma como os impostos de registo afectam os seus custos totais de propriedade. N\u00e3o se trata apenas de taxas administrativas - determinam a propriedade legal, os direitos de navega\u00e7\u00e3o e a elegibilidade para o seguro. Compreender os requisitos fiscais globais ajuda-o a evitar erros dispendiosos e a manter a sua embarca\u00e7\u00e3o em conformidade.<\/p>\r\n\r\n        <h2>\u00cdndice<\/h2>\r\n        <ul>\r\n            <li><a href=\"#defining-yacht-registration-tax\">Defini\u00e7\u00e3o de imposto de registo de iates e seu objetivo<\/a><\/li>\r\n            <li><a href=\"#types-of-taxes\">Tipos de impostos de registo de iates em todo o mundo<\/a><\/li>\r\n            <li><a href=\"#how-calculated\">Como \u00e9 calculada a taxa de registo de iates<\/a><\/li>\r\n            <li><a href=\"#legal-requirements\">Requisitos legais e conformidade fiscal<\/a><\/li>\r\n            <li><a href=\"#costs-exemptions\">Custos, isen\u00e7\u00f5es e erros comuns<\/a><\/li>\r\n        <\/ul>\r\n\r\n        <h2 id=\"defining-yacht-registration-tax\">Defini\u00e7\u00e3o de imposto de registo de iates e seu objetivo<\/h2>\r\n        \r\n        <p>O imposto de registo de iates \u00e9 uma taxa governamental que os propriet\u00e1rios de embarca\u00e7\u00f5es pagam para documentar legalmente a sua propriedade mar\u00edtima. Para al\u00e9m da gera\u00e7\u00e3o de receitas, cria um quadro para a gest\u00e3o de activos e a conformidade regulamentar.<\/p>\r\n\r\n        <p>Este imposto formaliza o estatuto legal do seu iate numa jurisdi\u00e7\u00e3o. Proporciona aos governos uma forma de localizar as embarca\u00e7\u00f5es, manter registos e apoiar as infra-estruturas mar\u00edtimas. Para os propriet\u00e1rios, os benef\u00edcios incluem:<\/p>\r\n        \r\n        <ul>\r\n            <li>Prova legal de propriedade<\/li>\r\n            <li>Documenta\u00e7\u00e3o mar\u00edtima oficial<\/li>\r\n            <li>Direitos de navega\u00e7\u00e3o nas \u00e1guas territoriais<\/li>\r\n            <li>Acesso a protec\u00e7\u00f5es mar\u00edtimas internacionais<\/li>\r\n        <\/ul>\r\n\r\n        <p>O processo de registo permite \u00e0s autoridades controlar os movimentos dos navios e as normas de seguran\u00e7a, ao mesmo tempo que proporciona aos propriet\u00e1rios o reconhecimento legal dos seus investimentos.<\/p>\r\n\r\n        <h2 id=\"types-of-taxes\">Tipos de impostos de registo de iates em todo o mundo<\/h2>\r\n        \r\n        <p><img decoding=\"async\" src=\"https:\/\/csuxjmfbwmkxiegfpljm.supabase.co\/storage\/v1\/object\/public\/blog-images\/organization-10077\/1765133283559_Infographiccomparingyachttaxbycountry_VLgyt0LqKqFmw3mmP61ZS.png\" alt=\"Infografia que compara o imposto sobre iates por pa\u00eds\"><\/p>\r\n\r\n        <p>As estruturas fiscais variam significativamente consoante os pa\u00edses. O sistema de tributa\u00e7\u00e3o com base na arquea\u00e7\u00e3o calcula as taxas com base na arquea\u00e7\u00e3o l\u00edquida de um navio e n\u00e3o no rendimento, proporcionando \u00e0s companhias de navega\u00e7\u00e3o custos previs\u00edveis e incentivando o registo.<\/p>\r\n\r\n        <p>A Espanha, por exemplo, cobra um imposto de matr\u00edcula de 12% sobre as embarca\u00e7\u00f5es com mais de 8 metros utilizadas por residentes ou para fins comerciais. Outros pa\u00edses utilizam abordagens diferentes:<\/p>\r\n        \r\n        <ul>\r\n            <li>Taxas de inscri\u00e7\u00e3o fixas<\/li>\r\n            <li>Impostos percentuais baseados no valor<\/li>\r\n            <li>Impostos anuais sobre a tonelagem<\/li>\r\n            <li>Taxas separadas para embarca\u00e7\u00f5es comerciais e privadas<\/li>\r\n        <\/ul>\r\n\r\n        <p>Estas varia\u00e7\u00f5es reflectem os objectivos da pol\u00edtica mar\u00edtima e as estrat\u00e9gias econ\u00f3micas de cada pa\u00eds. <a href=\"https:\/\/vesselflag.com\/pt\/registo-da-bandeira\/registo-de-iates-em-langkawi\/\">Registo de iates em Langkawi<\/a> mostra como as regi\u00f5es criam quadros de tributa\u00e7\u00e3o personalizados.<\/p>\r\n\r\n        <h2 id=\"how-calculated\">Como \u00e9 calculada a taxa de registo de iates<\/h2>\r\n        \r\n        <p><img decoding=\"async\" src=\"https:\/\/csuxjmfbwmkxiegfpljm.supabase.co\/storage\/v1\/object\/public\/blog-images\/organization-10077\/1765133253548_image_1765133253320.png\" alt=\"O propriet\u00e1rio calcula o imposto sobre o iate com a documenta\u00e7\u00e3o\"><\/p>\r\n\r\n        <p>Os m\u00e9todos de c\u00e1lculo variam consoante a jurisdi\u00e7\u00e3o. <a href=\"https:\/\/www.transport.gov.mt\/Registration-Fees-and-Tonnage-Tax.pdf-f2829\" target=\"_blank\" rel=\"noopener\">Sistema de registo de Malta<\/a> tem em conta a dimens\u00e3o, a idade, o tipo e a utiliza\u00e7\u00e3o prevista do navio para determinar os montantes do imposto.<\/p>\r\n\r\n        <p>Os principais factores que influenciam os c\u00e1lculos incluem:<\/p>\r\n        \r\n        <ul>\r\n            <li>Comprimento e arquea\u00e7\u00e3o l\u00edquida do navio<\/li>\r\n            <li>Valor de mercado<\/li>\r\n            <li>Idade e estado<\/li>\r\n            <li>Utiliza\u00e7\u00e3o prim\u00e1ria (comercial ou privada)<\/li>\r\n            <li>Local de registo<\/li>\r\n            <li>Pa\u00eds de origem<\/li>\r\n        <\/ul>\r\n\r\n        <p><a href=\"https:\/\/www.nauticalegal.com\/en\/reports\/144-the-spanish-matriculation-tax-and-foreign-registered-boats\" target=\"_blank\" rel=\"noopener\">Regulamentos espanh\u00f3is<\/a> demonstram uma tributa\u00e7\u00e3o baseada no valor com a sua taxa 12% para os navios de maiores dimens\u00f5es. <a href=\"https:\/\/vesselflag.com\/pt\/registo-da-bandeira\/\">Registo da bandeira<\/a> t\u00eam um impacto significativo na sua fatura fiscal final.<\/p>\r\n\r\n        <h2 id=\"legal-requirements\">Requisitos legais e conformidade fiscal<\/h2>\r\n        \r\n        <p>Os propriet\u00e1rios de iates t\u00eam de navegar por regulamentos internacionais complexos. <a href=\"https:\/\/www.nauticalegal.com\/en\/reports\/117-matriculation-tax-application-to-foreign-yachts-sailing-in-spain\" target=\"_blank\" rel=\"noopener\">Iates com pavilh\u00e3o estrangeiro em \u00e1guas espanholas<\/a> est\u00e3o sujeitos a obriga\u00e7\u00f5es espec\u00edficas, nomeadamente a taxa de matricula 12% para as embarca\u00e7\u00f5es utilizadas por residentes ou comerciais.<\/p>\r\n\r\n        <p>As considera\u00e7\u00f5es de conformidade incluem:<\/p>\r\n        \r\n        <ul>\r\n            <li>Requisitos fiscais espec\u00edficos de cada jurisdi\u00e7\u00e3o<\/li>\r\n            <li>Como a resid\u00eancia afecta as obriga\u00e7\u00f5es fiscais<\/li>\r\n            <li>Documenta\u00e7\u00e3o correta da utiliza\u00e7\u00e3o do navio<\/li>\r\n            <li>Registos financeiros e de registo exactos<\/li>\r\n            <li>Acompanhamento da evolu\u00e7\u00e3o da legisla\u00e7\u00e3o sobre o imposto mar\u00edtimo<\/li>\r\n            <li>Implica\u00e7\u00f5es fiscais transfronteiri\u00e7as<\/li>\r\n        <\/ul>\r\n\r\n        <p><a href=\"https:\/\/www.mondaq.com\/cyprus\/sales-taxes-vat-gst\/1039518\/cyprus-as-a-jurisdiction-for-the-registration-of-yachts\" target=\"_blank\" rel=\"noopener\">Chipre oferece regimes de IVA favor\u00e1veis<\/a> com taxas t\u00e3o baixas como 3,4% em determinadas condi\u00e7\u00f5es. Isto mostra por que raz\u00e3o vale a pena pesquisar em diferentes jurisdi\u00e7\u00f5es.<\/p>\r\n\r\n        <h2 id=\"costs-exemptions\">Custos, isen\u00e7\u00f5es e erros comuns a evitar<\/h2>\r\n        \r\n        <p>Os custos totais de registo incluem taxas de base, avalia\u00e7\u00f5es de tonelagem, impostos relacionados com o valor e despesas de conformidade cont\u00ednuas. As op\u00e7\u00f5es de registo de bandeiras determinam estas obriga\u00e7\u00f5es financeiras.<\/p>\r\n\r\n        <p>Erros comuns que os propriet\u00e1rios de iates cometem:<\/p>\r\n        \r\n        <ul>\r\n            <li>Ignorar as regras espec\u00edficas da jurisdi\u00e7\u00e3o<\/li>\r\n            <li>Documenta\u00e7\u00e3o deficiente sobre a utiliza\u00e7\u00e3o do navio<\/li>\r\n            <li>Incompreens\u00e3o dos impactos do imposto de resid\u00eancia<\/li>\r\n            <li>Ignorar os requisitos transfronteiri\u00e7os<\/li>\r\n            <li>Manuten\u00e7\u00e3o de registos financeiros inadequados<\/li>\r\n            <li>Partindo do princ\u00edpio de que os impostos s\u00e3o uniformes em todo o lado<\/li>\r\n        <\/ul>\r\n\r\n        <p>Um planeamento fiscal inteligente significa identificar isen\u00e7\u00f5es, manter uma documenta\u00e7\u00e3o clara e consultar especialistas em impostos mar\u00edtimos. <a href=\"https:\/\/vesselflag.com\/pt\">Servi\u00e7os de registo de iates<\/a> pode gui\u00e1-lo atrav\u00e9s destes requisitos complexos.<\/p>\r\n\r\n        <h2>Obter ajuda especializada com o imposto de registo de iates<\/h2>\r\n        \r\n        <p><img decoding=\"async\" src=\"https:\/\/csuxjmfbwmkxiegfpljm.supabase.co\/storage\/v1\/object\/public\/blog-images\/organization-10077\/1765133208931_vesselflag.jpg\" alt=\"Vesselflag.com\"><\/p>\r\n\r\n        <p>O imposto sobre o registo de iates n\u00e3o tem de ser uma tarefa dif\u00edcil. Quer se trate de c\u00e1lculos de tonelagem, de obriga\u00e7\u00f5es de resid\u00eancia ou de escolher a jurisdi\u00e7\u00e3o de bandeira correta, <a href=\"https:\/\/vesselflag.com\/pt\/categoria\/registo-da-bandeira\/\">servi\u00e7os profissionais de registo de bandeiras<\/a> pode simplificar o processo.<\/p>\r\n\r\n        <p>Visitar <a href=\"http:\/\/Vesselflag.com\" target=\"_blank\" rel=\"noopener\">Vesselflag.com<\/a> para obter pre\u00e7os claros, processamento r\u00e1pido e orienta\u00e7\u00e3o especializada sobre regulamentos mar\u00edtimos globais.<\/p>\r\n\r\n        <h2>Perguntas frequentes<\/h2>\r\n\r\n        <h4>O que \u00e9 o imposto de registo de iates?<\/h4>\r\n        <p>\u00c9 uma taxa governamental que os propriet\u00e1rios de navios pagam para documentar legalmente a propriedade da propriedade mar\u00edtima, fornecendo prova de propriedade e acesso a regulamentos mar\u00edtimos internacionais.<\/p>\r\n\r\n        <h4>Como \u00e9 calculado o imposto de registo dos iates?<\/h4>\r\n        <p>Os c\u00e1lculos variam consoante a jurisdi\u00e7\u00e3o, mas normalmente t\u00eam em conta o tamanho, a idade, o tipo, a utiliza\u00e7\u00e3o e o valor de mercado da embarca\u00e7\u00e3o. Algumas regi\u00f5es cobram taxas fixas, enquanto outras utilizam taxas baseadas em percentagens.<\/p>\r\n\r\n        <h4>Que erros devo evitar com o imposto de registo de iates?<\/h4>\r\n        <p>Os erros mais comuns incluem ignorar as regras fiscais locais, documenta\u00e7\u00e3o deficiente sobre a utiliza\u00e7\u00e3o, compreens\u00e3o incorrecta dos impactos da resid\u00eancia e manuten\u00e7\u00e3o de registos financeiros inadequados.<\/p>\r\n\r\n        <h4>Existem isen\u00e7\u00f5es do imposto de registo de iates?<\/h4>\r\n        <p>As isen\u00e7\u00f5es variam consoante a jurisdi\u00e7\u00e3o e podem depender da utiliza\u00e7\u00e3o pretendida, do estatuto de residente ou de outros crit\u00e9rios. Consulte especialistas em impostos mar\u00edtimos para identificar potenciais isen\u00e7\u00f5es.<\/p>\r\n\r\n        <h2>Recursos relacionados<\/h2>\r\n        <ul>\r\n            <li><a href=\"https:\/\/vesselflag.com\/pt\/registo-da-bandeira\/registo-de-iates-em-sao-marino\/\">Registo da bandeira de S\u00e3o Marino<\/a><\/li>\r\n            <li><a href=\"https:\/\/vesselflag.com\/pt\/registo-da-bandeira\/\">Servi\u00e7os de registo de bandeiras<\/a><\/li>\r\n            <li><a href=\"https:\/\/vesselflag.com\/pt\/registo-da-bandeira\/registo-da-bandeira-da-polonia\/\">Registo da bandeira da Pol\u00f3nia<\/a><\/li>\r\n            <li><a href=\"https:\/\/vesselflag.com\/pt\">Servi\u00e7os de registo de iates<\/a><\/li>\r\n        <\/ul>\r\n    <\/article>\r\n<\/body>\r\n<\/html>\t\t\t\t<\/div>\n\t\t\t\t<\/div>\n\t\t\t\t\t<\/div>\n\t\t\t\t<\/div>\n\t\t\t\t<\/div>","protected":false},"excerpt":{"rendered":"<p>What Is Yacht Registration Tax \u2013 Costs and Global Rules What Is Yacht Registration Tax \u2013 Costs and Global Rules Many yacht owners underestimate how registration taxes affect their total ownership costs. These aren&#8217;t just administrative fees \u2013 they determine legal ownership, navigation rights, and insurance eligibility. Understanding global tax requirements helps you avoid expensive&#8230;<\/p>","protected":false},"author":3,"featured_media":0,"parent":0,"menu_order":0,"comment_status":"closed","ping_status":"closed","template":"","meta":{"footnotes":""},"class_list":["post-988868","page","type-page","status-publish","hentry"],"_links":{"self":[{"href":"https:\/\/vesselflag.com\/pt\/wp-json\/wp\/v2\/pages\/988868","targetHints":{"allow":["GET"]}}],"collection":[{"href":"https:\/\/vesselflag.com\/pt\/wp-json\/wp\/v2\/pages"}],"about":[{"href":"https:\/\/vesselflag.com\/pt\/wp-json\/wp\/v2\/types\/page"}],"author":[{"embeddable":true,"href":"https:\/\/vesselflag.com\/pt\/wp-json\/wp\/v2\/users\/3"}],"replies":[{"embeddable":true,"href":"https:\/\/vesselflag.com\/pt\/wp-json\/wp\/v2\/comments?post=988868"}],"version-history":[{"count":10,"href":"https:\/\/vesselflag.com\/pt\/wp-json\/wp\/v2\/pages\/988868\/revisions"}],"predecessor-version":[{"id":988972,"href":"https:\/\/vesselflag.com\/pt\/wp-json\/wp\/v2\/pages\/988868\/revisions\/988972"}],"wp:attachment":[{"href":"https:\/\/vesselflag.com\/pt\/wp-json\/wp\/v2\/media?parent=988868"}],"curies":[{"name":"wp","href":"https:\/\/api.w.org\/{rel}","templated":true}]}}